{"id":3062,"date":"2020-10-22T14:14:17","date_gmt":"2020-10-22T14:14:17","guid":{"rendered":"https:\/\/www.oekozenter.lu\/?page_id=3062"},"modified":"2020-10-22T14:14:17","modified_gmt":"2020-10-22T14:14:17","slug":"landwirtschaftsberatung","status":"publish","type":"page","link":"https:\/\/www.oekozenter.lu\/de\/projekte\/dienstleistungen\/landwirtschaftsberatung\/","title":{"rendered":"Landwirtschaftsberatung"},"content":{"rendered":"<div class=\"pf-content\"><h2>Im Interesse des Landwirts sowie der Natur und Umwelt<\/h2>\n<p>Die \u201eEkologesch Landwirtschaftsberodung\u201c ist eine gemeinsame Initiative des Oekozenter Pafendall und der L\u00ebtzebuerger Landjugend a Jongbaueren. Seit 1987 werden gemeinsam innovative Projekte im Sinne einer nachhaltigen Landwirtschaft durchgef\u00fchrt.<\/p>\n<p>Die Beratung richtet sich an alle Landwirte (sowohl konventionell als auch biologisch wirtschaftende). Auf Versuchsfeldern werden unterschiedliche Kulturen angebaut, in Betrieben innovative Bewirtschaftungsmethoden auf ihre Praxistauglichkeit untersucht und so ein Beitrag zu einer nachhaltigeren Ausrichtung der Landwirtschaftspolitik geleistet.<\/p>\n<p>Schwerpunktthemen sind u.a. die Beratung der Landwirte zum Schutz von Trinkwasserquellen, die Entwicklung von Ideen f\u00fcr eine &#8222;nachhaltige Landwirtschaftspolitik&#8220;, die Durchf\u00fchrung von Anbauversuchen zur &#8222;Eiwei\u00dfstrategie f\u00fcr Luxemburg&#8220;, das Projekt &#8222;Natur gen\u00e9issen &#8211; Mir iessen regional , bio a fair&#8220; gemeinsam mit dem Naturschutzsyndikat SICONA, die Erstellung von Anregungen f\u00fcr den Aktionsplan Pestizide in Luxemburg u.a.m.<\/p>\n<p>Viele Projekte k\u00f6nnen dank einer Konvention mit dem Landwirtschaftsministerium realisiert werden.<\/p>\n<p>&nbsp;<\/p>\n<\/div>","protected":false},"excerpt":{"rendered":"<p>Im Interesse des Landwirts sowie der Natur und Umwelt Die \u201eEkologesch Landwirtschaftsberodung\u201c ist eine gemeinsame Initiative des Oekozenter Pafendall und der L\u00ebtzebuerger Landjugend a Jongbaueren. Seit 1987 werden gemeinsam innovative Projekte im Sinne einer nachhaltigen Landwirtschaft durchgef\u00fchrt. Die Beratung richtet sich an alle Landwirte (sowohl konventionell als auch biologisch wirtschaftende). Auf Versuchsfeldern werden unterschiedliche Kulturen [&hellip;]<\/p>\n","protected":false},"author":1,"featured_media":1380,"parent":3019,"menu_order":5,"comment_status":"closed","ping_status":"closed","template":"services.php","meta":{"_acf_changed":false,"footnotes":""},"class_list":["post-3062","page","type-page","status-publish","has-post-thumbnail","hentry"],"acf":[],"yoast_head":"<!-- This site is optimized with the Yoast SEO plugin v27.2 - https:\/\/yoast.com\/product\/yoast-seo-wordpress\/ -->\n<title>Landwirtschaftsberatung - Oekozenter<\/title>\n<meta name=\"robots\" content=\"index, follow, max-snippet:-1, max-image-preview:large, max-video-preview:-1\" \/>\n<link rel=\"canonical\" href=\"https:\/\/www.oekozenter.lu\/de\/projekte\/dienstleistungen\/landwirtschaftsberatung\/\" \/>\n<meta property=\"og:locale\" content=\"de_DE\" \/>\n<meta property=\"og:type\" content=\"article\" \/>\n<meta property=\"og:title\" content=\"Landwirtschaftsberatung - Oekozenter\" \/>\n<meta property=\"og:description\" content=\"Im Interesse des Landwirts sowie der Natur und Umwelt Die \u201eEkologesch Landwirtschaftsberodung\u201c ist eine gemeinsame Initiative des Oekozenter Pafendall und der L\u00ebtzebuerger Landjugend a Jongbaueren. Seit 1987 werden gemeinsam innovative Projekte im Sinne einer nachhaltigen Landwirtschaft durchgef\u00fchrt. Die Beratung richtet sich an alle Landwirte (sowohl konventionell als auch biologisch wirtschaftende). Auf Versuchsfeldern werden unterschiedliche Kulturen [&hellip;]\" \/>\n<meta property=\"og:url\" content=\"https:\/\/www.oekozenter.lu\/de\/projekte\/dienstleistungen\/landwirtschaftsberatung\/\" \/>\n<meta property=\"og:site_name\" content=\"Oekozenter\" \/>\n<meta property=\"og:image\" content=\"https:\/\/www.oekozenter.lu\/wp-content\/uploads\/sites\/3\/2016\/06\/Gemuesebauer.jpg\" \/>\n\t<meta property=\"og:image:width\" content=\"1024\" \/>\n\t<meta property=\"og:image:height\" content=\"681\" \/>\n\t<meta property=\"og:image:type\" content=\"image\/jpeg\" \/>\n<meta name=\"twitter:card\" content=\"summary_large_image\" \/>\n<meta name=\"twitter:label1\" content=\"Gesch\u00e4tzte Lesezeit\" \/>\n\t<meta name=\"twitter:data1\" content=\"1\u00a0Minute\" \/>\n<script type=\"application\/ld+json\" class=\"yoast-schema-graph\">{\"@context\":\"https:\/\/schema.org\",\"@graph\":[{\"@type\":\"WebPage\",\"@id\":\"https:\/\/www.oekozenter.lu\/de\/projekte\/dienstleistungen\/landwirtschaftsberatung\/\",\"url\":\"https:\/\/www.oekozenter.lu\/de\/projekte\/dienstleistungen\/landwirtschaftsberatung\/\",\"name\":\"Landwirtschaftsberatung - Oekozenter\",\"isPartOf\":{\"@id\":\"https:\/\/www.oekozenter.lu\/de\/#website\"},\"primaryImageOfPage\":{\"@id\":\"https:\/\/www.oekozenter.lu\/de\/projekte\/dienstleistungen\/landwirtschaftsberatung\/#primaryimage\"},\"image\":{\"@id\":\"https:\/\/www.oekozenter.lu\/de\/projekte\/dienstleistungen\/landwirtschaftsberatung\/#primaryimage\"},\"thumbnailUrl\":\"https:\/\/www.oekozenter.lu\/wp-content\/uploads\/sites\/3\/2016\/06\/Gemuesebauer.jpg\",\"datePublished\":\"2020-10-22T14:14:17+00:00\",\"breadcrumb\":{\"@id\":\"https:\/\/www.oekozenter.lu\/de\/projekte\/dienstleistungen\/landwirtschaftsberatung\/#breadcrumb\"},\"inLanguage\":\"de\",\"potentialAction\":[{\"@type\":\"ReadAction\",\"target\":[\"https:\/\/www.oekozenter.lu\/de\/projekte\/dienstleistungen\/landwirtschaftsberatung\/\"]}]},{\"@type\":\"ImageObject\",\"inLanguage\":\"de\",\"@id\":\"https:\/\/www.oekozenter.lu\/de\/projekte\/dienstleistungen\/landwirtschaftsberatung\/#primaryimage\",\"url\":\"https:\/\/www.oekozenter.lu\/wp-content\/uploads\/sites\/3\/2016\/06\/Gemuesebauer.jpg\",\"contentUrl\":\"https:\/\/www.oekozenter.lu\/wp-content\/uploads\/sites\/3\/2016\/06\/Gemuesebauer.jpg\",\"width\":1024,\"height\":681,\"caption\":\"www.peterirman.com\"},{\"@type\":\"BreadcrumbList\",\"@id\":\"https:\/\/www.oekozenter.lu\/de\/projekte\/dienstleistungen\/landwirtschaftsberatung\/#breadcrumb\",\"itemListElement\":[{\"@type\":\"ListItem\",\"position\":1,\"name\":\"Home\",\"item\":\"https:\/\/www.oekozenter.lu\/de\/\"},{\"@type\":\"ListItem\",\"position\":2,\"name\":\"projekte\",\"item\":\"https:\/\/www.oekozenter.lu\/de\/projekte\/\"},{\"@type\":\"ListItem\",\"position\":3,\"name\":\"Dienstleistungen\",\"item\":\"https:\/\/www.oekozenter.lu\/de\/projekte\/dienstleistungen\/\"},{\"@type\":\"ListItem\",\"position\":4,\"name\":\"Landwirtschaftsberatung\"}]},{\"@type\":\"WebSite\",\"@id\":\"https:\/\/www.oekozenter.lu\/de\/#website\",\"url\":\"https:\/\/www.oekozenter.lu\/de\/\",\"name\":\"Oekozenter\",\"description\":\"\",\"potentialAction\":[{\"@type\":\"SearchAction\",\"target\":{\"@type\":\"EntryPoint\",\"urlTemplate\":\"https:\/\/www.oekozenter.lu\/de\/?s={search_term_string}\"},\"query-input\":{\"@type\":\"PropertyValueSpecification\",\"valueRequired\":true,\"valueName\":\"search_term_string\"}}],\"inLanguage\":\"de\"}]}<\/script>\n<!-- \/ Yoast SEO plugin. -->","yoast_head_json":{"title":"Landwirtschaftsberatung - Oekozenter","robots":{"index":"index","follow":"follow","max-snippet":"max-snippet:-1","max-image-preview":"max-image-preview:large","max-video-preview":"max-video-preview:-1"},"canonical":"https:\/\/www.oekozenter.lu\/de\/projekte\/dienstleistungen\/landwirtschaftsberatung\/","og_locale":"de_DE","og_type":"article","og_title":"Landwirtschaftsberatung - Oekozenter","og_description":"Im Interesse des Landwirts sowie der Natur und Umwelt Die \u201eEkologesch Landwirtschaftsberodung\u201c ist eine gemeinsame Initiative des Oekozenter Pafendall und der L\u00ebtzebuerger Landjugend a Jongbaueren. Seit 1987 werden gemeinsam innovative Projekte im Sinne einer nachhaltigen Landwirtschaft durchgef\u00fchrt. Die Beratung richtet sich an alle Landwirte (sowohl konventionell als auch biologisch wirtschaftende). Auf Versuchsfeldern werden unterschiedliche Kulturen [&hellip;]","og_url":"https:\/\/www.oekozenter.lu\/de\/projekte\/dienstleistungen\/landwirtschaftsberatung\/","og_site_name":"Oekozenter","og_image":[{"width":1024,"height":681,"url":"https:\/\/www.oekozenter.lu\/wp-content\/uploads\/sites\/3\/2016\/06\/Gemuesebauer.jpg","type":"image\/jpeg"}],"twitter_card":"summary_large_image","twitter_misc":{"Gesch\u00e4tzte Lesezeit":"1\u00a0Minute"},"schema":{"@context":"https:\/\/schema.org","@graph":[{"@type":"WebPage","@id":"https:\/\/www.oekozenter.lu\/de\/projekte\/dienstleistungen\/landwirtschaftsberatung\/","url":"https:\/\/www.oekozenter.lu\/de\/projekte\/dienstleistungen\/landwirtschaftsberatung\/","name":"Landwirtschaftsberatung - Oekozenter","isPartOf":{"@id":"https:\/\/www.oekozenter.lu\/de\/#website"},"primaryImageOfPage":{"@id":"https:\/\/www.oekozenter.lu\/de\/projekte\/dienstleistungen\/landwirtschaftsberatung\/#primaryimage"},"image":{"@id":"https:\/\/www.oekozenter.lu\/de\/projekte\/dienstleistungen\/landwirtschaftsberatung\/#primaryimage"},"thumbnailUrl":"https:\/\/www.oekozenter.lu\/wp-content\/uploads\/sites\/3\/2016\/06\/Gemuesebauer.jpg","datePublished":"2020-10-22T14:14:17+00:00","breadcrumb":{"@id":"https:\/\/www.oekozenter.lu\/de\/projekte\/dienstleistungen\/landwirtschaftsberatung\/#breadcrumb"},"inLanguage":"de","potentialAction":[{"@type":"ReadAction","target":["https:\/\/www.oekozenter.lu\/de\/projekte\/dienstleistungen\/landwirtschaftsberatung\/"]}]},{"@type":"ImageObject","inLanguage":"de","@id":"https:\/\/www.oekozenter.lu\/de\/projekte\/dienstleistungen\/landwirtschaftsberatung\/#primaryimage","url":"https:\/\/www.oekozenter.lu\/wp-content\/uploads\/sites\/3\/2016\/06\/Gemuesebauer.jpg","contentUrl":"https:\/\/www.oekozenter.lu\/wp-content\/uploads\/sites\/3\/2016\/06\/Gemuesebauer.jpg","width":1024,"height":681,"caption":"www.peterirman.com"},{"@type":"BreadcrumbList","@id":"https:\/\/www.oekozenter.lu\/de\/projekte\/dienstleistungen\/landwirtschaftsberatung\/#breadcrumb","itemListElement":[{"@type":"ListItem","position":1,"name":"Home","item":"https:\/\/www.oekozenter.lu\/de\/"},{"@type":"ListItem","position":2,"name":"projekte","item":"https:\/\/www.oekozenter.lu\/de\/projekte\/"},{"@type":"ListItem","position":3,"name":"Dienstleistungen","item":"https:\/\/www.oekozenter.lu\/de\/projekte\/dienstleistungen\/"},{"@type":"ListItem","position":4,"name":"Landwirtschaftsberatung"}]},{"@type":"WebSite","@id":"https:\/\/www.oekozenter.lu\/de\/#website","url":"https:\/\/www.oekozenter.lu\/de\/","name":"Oekozenter","description":"","potentialAction":[{"@type":"SearchAction","target":{"@type":"EntryPoint","urlTemplate":"https:\/\/www.oekozenter.lu\/de\/?s={search_term_string}"},"query-input":{"@type":"PropertyValueSpecification","valueRequired":true,"valueName":"search_term_string"}}],"inLanguage":"de"}]}},"_links":{"self":[{"href":"https:\/\/www.oekozenter.lu\/de\/wp-json\/wp\/v2\/pages\/3062","targetHints":{"allow":["GET"]}}],"collection":[{"href":"https:\/\/www.oekozenter.lu\/de\/wp-json\/wp\/v2\/pages"}],"about":[{"href":"https:\/\/www.oekozenter.lu\/de\/wp-json\/wp\/v2\/types\/page"}],"author":[{"embeddable":true,"href":"https:\/\/www.oekozenter.lu\/de\/wp-json\/wp\/v2\/users\/1"}],"replies":[{"embeddable":true,"href":"https:\/\/www.oekozenter.lu\/de\/wp-json\/wp\/v2\/comments?post=3062"}],"version-history":[{"count":1,"href":"https:\/\/www.oekozenter.lu\/de\/wp-json\/wp\/v2\/pages\/3062\/revisions"}],"predecessor-version":[{"id":3063,"href":"https:\/\/www.oekozenter.lu\/de\/wp-json\/wp\/v2\/pages\/3062\/revisions\/3063"}],"up":[{"embeddable":true,"href":"https:\/\/www.oekozenter.lu\/de\/wp-json\/wp\/v2\/pages\/3019"}],"wp:featuredmedia":[{"embeddable":true,"href":"https:\/\/www.oekozenter.lu\/de\/wp-json\/wp\/v2\/media\/1380"}],"wp:attachment":[{"href":"https:\/\/www.oekozenter.lu\/de\/wp-json\/wp\/v2\/media?parent=3062"}],"curies":[{"name":"wp","href":"https:\/\/api.w.org\/{rel}","templated":true}]}}