{"id":3019,"date":"2020-10-22T09:07:21","date_gmt":"2020-10-22T09:07:21","guid":{"rendered":"https:\/\/www.oekozenter.lu\/?page_id=3019"},"modified":"2020-10-22T09:07:21","modified_gmt":"2020-10-22T09:07:21","slug":"dienstleistungen","status":"publish","type":"page","link":"https:\/\/www.oekozenter.lu\/de\/projekte\/dienstleistungen\/","title":{"rendered":"Dienstleistungen"},"content":{"rendered":"<div class=\"pf-content\"><h2><\/h2>\n<h2>Beratung und Projekte durch unsere Fachbereiche<\/h2>\n<p>Die Schwerpunkte der Arbeiten des Oekozenter Pafendall liegen in den Bereichen der \u00f6kologischen Bau-, Umwelt- und Landwirtschaftsberatung, der Weiterbildung und der Klimapaktberatung f\u00fcr Gemeinden. Unsere Experten stehen mit fachlich qualifizierter Beratung und der Durchf\u00fchrung von Pilotprojekten sowohl den Verbrauchern, als auch Betrieben und Gemeinden zur Seite.<\/p>\n<p>Dank der Unterst\u00fctzung der folgenden Ministerien k\u00f6nnen verschiedene Projekte der einzelnen Bereiche realisiert werden:<\/p>\n<ul>\n<li>Ministerium f\u00fcr Wohnungsbau (Bauberatung)<\/li>\n<li>Wirtschaftsministerium (EcoLabel und Projekt &#8222;Green meetings&#8220;)<\/li>\n<li>Ministerium f\u00fcr Umwelt, Klima und nachhaltige Entwicklung (EcoLabel, Green meetings, oekotopten.lu, Weiterbildungsinitiativen)<\/li>\n<li>Ministerium f\u00fcr Landwirtschaft, Weinbau und l\u00e4ndliche Entwicklung (\u00f6kologische Landwirtschaftsberatung)<\/li>\n<li>Ministerium f\u00fcr Arbeit, Besch\u00e4ftigung sowie Sozial- und Solidarischwirtschaft (Solawi)<\/li>\n<\/ul>\n<p>&nbsp;<\/p>\n<p>&nbsp;<\/p>\n<\/div>","protected":false},"excerpt":{"rendered":"<p>Beratung und Projekte durch unsere Fachbereiche Die Schwerpunkte der Arbeiten des Oekozenter Pafendall liegen in den Bereichen der \u00f6kologischen Bau-, Umwelt- und Landwirtschaftsberatung, der Weiterbildung und der Klimapaktberatung f\u00fcr Gemeinden. Unsere Experten stehen mit fachlich qualifizierter Beratung und der Durchf\u00fchrung von Pilotprojekten sowohl den Verbrauchern, als auch Betrieben und Gemeinden zur Seite. Dank der Unterst\u00fctzung [&hellip;]<\/p>\n","protected":false},"author":1,"featured_media":361,"parent":3017,"menu_order":0,"comment_status":"closed","ping_status":"closed","template":"","meta":{"_acf_changed":false,"footnotes":""},"class_list":["post-3019","page","type-page","status-publish","has-post-thumbnail","hentry"],"acf":[],"yoast_head":"<!-- This site is optimized with the Yoast SEO plugin v27.2 - https:\/\/yoast.com\/product\/yoast-seo-wordpress\/ -->\n<title>Dienstleistungen - Oekozenter<\/title>\n<meta name=\"robots\" content=\"index, follow, max-snippet:-1, max-image-preview:large, max-video-preview:-1\" \/>\n<link rel=\"canonical\" href=\"https:\/\/www.oekozenter.lu\/de\/projekte\/dienstleistungen\/\" \/>\n<meta property=\"og:locale\" content=\"de_DE\" \/>\n<meta property=\"og:type\" content=\"article\" \/>\n<meta property=\"og:title\" content=\"Dienstleistungen - Oekozenter\" \/>\n<meta property=\"og:description\" content=\"Beratung und Projekte durch unsere Fachbereiche Die Schwerpunkte der Arbeiten des Oekozenter Pafendall liegen in den Bereichen der \u00f6kologischen Bau-, Umwelt- und Landwirtschaftsberatung, der Weiterbildung und der Klimapaktberatung f\u00fcr Gemeinden. Unsere Experten stehen mit fachlich qualifizierter Beratung und der Durchf\u00fchrung von Pilotprojekten sowohl den Verbrauchern, als auch Betrieben und Gemeinden zur Seite. Dank der Unterst\u00fctzung [&hellip;]\" \/>\n<meta property=\"og:url\" content=\"https:\/\/www.oekozenter.lu\/de\/projekte\/dienstleistungen\/\" \/>\n<meta property=\"og:site_name\" content=\"Oekozenter\" \/>\n<meta property=\"og:image\" content=\"https:\/\/www.oekozenter.lu\/wp-content\/uploads\/sites\/3\/2014\/06\/Katrin.jpg\" \/>\n\t<meta property=\"og:image:width\" content=\"1024\" \/>\n\t<meta property=\"og:image:height\" content=\"768\" \/>\n\t<meta property=\"og:image:type\" content=\"image\/jpeg\" \/>\n<meta name=\"twitter:card\" content=\"summary_large_image\" \/>\n<meta name=\"twitter:label1\" content=\"Gesch\u00e4tzte Lesezeit\" \/>\n\t<meta name=\"twitter:data1\" content=\"1\u00a0Minute\" \/>\n<script type=\"application\/ld+json\" class=\"yoast-schema-graph\">{\"@context\":\"https:\/\/schema.org\",\"@graph\":[{\"@type\":\"WebPage\",\"@id\":\"https:\/\/www.oekozenter.lu\/de\/projekte\/dienstleistungen\/\",\"url\":\"https:\/\/www.oekozenter.lu\/de\/projekte\/dienstleistungen\/\",\"name\":\"Dienstleistungen - Oekozenter\",\"isPartOf\":{\"@id\":\"https:\/\/www.oekozenter.lu\/de\/#website\"},\"primaryImageOfPage\":{\"@id\":\"https:\/\/www.oekozenter.lu\/de\/projekte\/dienstleistungen\/#primaryimage\"},\"image\":{\"@id\":\"https:\/\/www.oekozenter.lu\/de\/projekte\/dienstleistungen\/#primaryimage\"},\"thumbnailUrl\":\"https:\/\/www.oekozenter.lu\/wp-content\/uploads\/sites\/3\/2014\/06\/Katrin.jpg\",\"datePublished\":\"2020-10-22T09:07:21+00:00\",\"breadcrumb\":{\"@id\":\"https:\/\/www.oekozenter.lu\/de\/projekte\/dienstleistungen\/#breadcrumb\"},\"inLanguage\":\"de\",\"potentialAction\":[{\"@type\":\"ReadAction\",\"target\":[\"https:\/\/www.oekozenter.lu\/de\/projekte\/dienstleistungen\/\"]}]},{\"@type\":\"ImageObject\",\"inLanguage\":\"de\",\"@id\":\"https:\/\/www.oekozenter.lu\/de\/projekte\/dienstleistungen\/#primaryimage\",\"url\":\"https:\/\/www.oekozenter.lu\/wp-content\/uploads\/sites\/3\/2014\/06\/Katrin.jpg\",\"contentUrl\":\"https:\/\/www.oekozenter.lu\/wp-content\/uploads\/sites\/3\/2014\/06\/Katrin.jpg\",\"width\":1024,\"height\":768},{\"@type\":\"BreadcrumbList\",\"@id\":\"https:\/\/www.oekozenter.lu\/de\/projekte\/dienstleistungen\/#breadcrumb\",\"itemListElement\":[{\"@type\":\"ListItem\",\"position\":1,\"name\":\"Home\",\"item\":\"https:\/\/www.oekozenter.lu\/de\/\"},{\"@type\":\"ListItem\",\"position\":2,\"name\":\"projekte\",\"item\":\"https:\/\/www.oekozenter.lu\/de\/projekte\/\"},{\"@type\":\"ListItem\",\"position\":3,\"name\":\"Dienstleistungen\"}]},{\"@type\":\"WebSite\",\"@id\":\"https:\/\/www.oekozenter.lu\/de\/#website\",\"url\":\"https:\/\/www.oekozenter.lu\/de\/\",\"name\":\"Oekozenter\",\"description\":\"\",\"potentialAction\":[{\"@type\":\"SearchAction\",\"target\":{\"@type\":\"EntryPoint\",\"urlTemplate\":\"https:\/\/www.oekozenter.lu\/de\/?s={search_term_string}\"},\"query-input\":{\"@type\":\"PropertyValueSpecification\",\"valueRequired\":true,\"valueName\":\"search_term_string\"}}],\"inLanguage\":\"de\"}]}<\/script>\n<!-- \/ Yoast SEO plugin. -->","yoast_head_json":{"title":"Dienstleistungen - Oekozenter","robots":{"index":"index","follow":"follow","max-snippet":"max-snippet:-1","max-image-preview":"max-image-preview:large","max-video-preview":"max-video-preview:-1"},"canonical":"https:\/\/www.oekozenter.lu\/de\/projekte\/dienstleistungen\/","og_locale":"de_DE","og_type":"article","og_title":"Dienstleistungen - Oekozenter","og_description":"Beratung und Projekte durch unsere Fachbereiche Die Schwerpunkte der Arbeiten des Oekozenter Pafendall liegen in den Bereichen der \u00f6kologischen Bau-, Umwelt- und Landwirtschaftsberatung, der Weiterbildung und der Klimapaktberatung f\u00fcr Gemeinden. Unsere Experten stehen mit fachlich qualifizierter Beratung und der Durchf\u00fchrung von Pilotprojekten sowohl den Verbrauchern, als auch Betrieben und Gemeinden zur Seite. Dank der Unterst\u00fctzung [&hellip;]","og_url":"https:\/\/www.oekozenter.lu\/de\/projekte\/dienstleistungen\/","og_site_name":"Oekozenter","og_image":[{"width":1024,"height":768,"url":"https:\/\/www.oekozenter.lu\/wp-content\/uploads\/sites\/3\/2014\/06\/Katrin.jpg","type":"image\/jpeg"}],"twitter_card":"summary_large_image","twitter_misc":{"Gesch\u00e4tzte Lesezeit":"1\u00a0Minute"},"schema":{"@context":"https:\/\/schema.org","@graph":[{"@type":"WebPage","@id":"https:\/\/www.oekozenter.lu\/de\/projekte\/dienstleistungen\/","url":"https:\/\/www.oekozenter.lu\/de\/projekte\/dienstleistungen\/","name":"Dienstleistungen - Oekozenter","isPartOf":{"@id":"https:\/\/www.oekozenter.lu\/de\/#website"},"primaryImageOfPage":{"@id":"https:\/\/www.oekozenter.lu\/de\/projekte\/dienstleistungen\/#primaryimage"},"image":{"@id":"https:\/\/www.oekozenter.lu\/de\/projekte\/dienstleistungen\/#primaryimage"},"thumbnailUrl":"https:\/\/www.oekozenter.lu\/wp-content\/uploads\/sites\/3\/2014\/06\/Katrin.jpg","datePublished":"2020-10-22T09:07:21+00:00","breadcrumb":{"@id":"https:\/\/www.oekozenter.lu\/de\/projekte\/dienstleistungen\/#breadcrumb"},"inLanguage":"de","potentialAction":[{"@type":"ReadAction","target":["https:\/\/www.oekozenter.lu\/de\/projekte\/dienstleistungen\/"]}]},{"@type":"ImageObject","inLanguage":"de","@id":"https:\/\/www.oekozenter.lu\/de\/projekte\/dienstleistungen\/#primaryimage","url":"https:\/\/www.oekozenter.lu\/wp-content\/uploads\/sites\/3\/2014\/06\/Katrin.jpg","contentUrl":"https:\/\/www.oekozenter.lu\/wp-content\/uploads\/sites\/3\/2014\/06\/Katrin.jpg","width":1024,"height":768},{"@type":"BreadcrumbList","@id":"https:\/\/www.oekozenter.lu\/de\/projekte\/dienstleistungen\/#breadcrumb","itemListElement":[{"@type":"ListItem","position":1,"name":"Home","item":"https:\/\/www.oekozenter.lu\/de\/"},{"@type":"ListItem","position":2,"name":"projekte","item":"https:\/\/www.oekozenter.lu\/de\/projekte\/"},{"@type":"ListItem","position":3,"name":"Dienstleistungen"}]},{"@type":"WebSite","@id":"https:\/\/www.oekozenter.lu\/de\/#website","url":"https:\/\/www.oekozenter.lu\/de\/","name":"Oekozenter","description":"","potentialAction":[{"@type":"SearchAction","target":{"@type":"EntryPoint","urlTemplate":"https:\/\/www.oekozenter.lu\/de\/?s={search_term_string}"},"query-input":{"@type":"PropertyValueSpecification","valueRequired":true,"valueName":"search_term_string"}}],"inLanguage":"de"}]}},"_links":{"self":[{"href":"https:\/\/www.oekozenter.lu\/de\/wp-json\/wp\/v2\/pages\/3019","targetHints":{"allow":["GET"]}}],"collection":[{"href":"https:\/\/www.oekozenter.lu\/de\/wp-json\/wp\/v2\/pages"}],"about":[{"href":"https:\/\/www.oekozenter.lu\/de\/wp-json\/wp\/v2\/types\/page"}],"author":[{"embeddable":true,"href":"https:\/\/www.oekozenter.lu\/de\/wp-json\/wp\/v2\/users\/1"}],"replies":[{"embeddable":true,"href":"https:\/\/www.oekozenter.lu\/de\/wp-json\/wp\/v2\/comments?post=3019"}],"version-history":[{"count":1,"href":"https:\/\/www.oekozenter.lu\/de\/wp-json\/wp\/v2\/pages\/3019\/revisions"}],"predecessor-version":[{"id":3020,"href":"https:\/\/www.oekozenter.lu\/de\/wp-json\/wp\/v2\/pages\/3019\/revisions\/3020"}],"up":[{"embeddable":true,"href":"https:\/\/www.oekozenter.lu\/de\/wp-json\/wp\/v2\/pages\/3017"}],"wp:featuredmedia":[{"embeddable":true,"href":"https:\/\/www.oekozenter.lu\/de\/wp-json\/wp\/v2\/media\/361"}],"wp:attachment":[{"href":"https:\/\/www.oekozenter.lu\/de\/wp-json\/wp\/v2\/media?parent=3019"}],"curies":[{"name":"wp","href":"https:\/\/api.w.org\/{rel}","templated":true}]}}