{"id":218,"date":"2014-06-19T14:44:03","date_gmt":"2014-06-19T14:44:03","guid":{"rendered":"http:\/\/www.oekozenter.lu\/?page_id=218"},"modified":"2016-12-13T13:14:43","modified_gmt":"2016-12-13T13:14:43","slug":"bibliothek","status":"publish","type":"page","link":"https:\/\/www.oekozenter.lu\/de\/dienstleistungen\/bibliothek\/","title":{"rendered":"Bibliothek"},"content":{"rendered":"<div class=\"pf-content\"><h1>Unsere Bibliothek<\/h1>\n<p>Seit 2015 steht der \u00d6ffentlichkeit eine Bibliothek mit einem breiten Angebot an B\u00fcchern und Brosch\u00fcren zu den Schwerpunkten des Oekozenters zur Verf\u00fcgung. Aufgrund einer Konvention mit der Nationalbibliothek wird der Bestand katalogisiert und kann online auf www.a-z.lu eingesehen werden.<\/p>\n<p>Die Themenpalette reicht von Publikationen zum Thema &#8222;\u00f6kologisches Bauen&#8220;, sanfte Mobilit\u00e4t, Natur- und Landschaftsschutz, \u00f6kologisches G\u00e4rtnern, vegetarisch\/vegan kochen, \u00f6kologische Gemeindepolitik bis hin zu einem breiten Angebot an B\u00fcchern zur nachhaltigen Entwicklung, F\u00f6rderung des Gemeinwohls, neue Wohlstandsmodelle sowie Formen der B\u00fcrgerbeteiligung.<\/p>\n<p>Bemerkenswert ist auch das Luxemburgensia-Angebot an Fachliteratur\/B\u00fcchern. Interessierte finden auch eine Reihe Zeitschriften aus den Bereichen Mobilit\u00e4t, Naturschutz, Landwirtschaft, nachhaltige Wirtschaftspolitik u.a.m.<\/p>\n<p>Unter der Rubrik <a href=\"http:\/\/www.oekozenter.lu\/de\/dienstleistungen\/bibliothek\/news\/\">&#8222;News&#8220;<\/a> m\u00f6chten wir Ihnen einige interessante B\u00fccher, die wir k\u00fcrzlich erworben haben, vorstellen und Sie ein bisschen neugierig machen&#8230;<\/p>\n<p><a href=\"http:\/\/www.oekozenter.lu\/de\/projets\/titre-projet-lambda\/\">mehr&#8230;<\/a><\/p>\n<\/div>","protected":false},"excerpt":{"rendered":"<p>Unsere Bibliothek Seit 2015 steht der \u00d6ffentlichkeit eine Bibliothek mit einem breiten Angebot an B\u00fcchern und Brosch\u00fcren zu den Schwerpunkten des Oekozenters zur Verf\u00fcgung. Aufgrund einer Konvention mit der Nationalbibliothek wird der Bestand katalogisiert und kann online auf www.a-z.lu eingesehen werden. Die Themenpalette reicht von Publikationen zum Thema &#8222;\u00f6kologisches Bauen&#8220;, sanfte Mobilit\u00e4t, Natur- und Landschaftsschutz, [&hellip;]<\/p>\n","protected":false},"author":1,"featured_media":1470,"parent":204,"menu_order":1,"comment_status":"closed","ping_status":"closed","template":"services.php","meta":{"_acf_changed":false,"footnotes":""},"class_list":["post-218","page","type-page","status-publish","has-post-thumbnail","hentry"],"acf":[],"yoast_head":"<!-- This site is optimized with the Yoast SEO plugin v27.2 - https:\/\/yoast.com\/product\/yoast-seo-wordpress\/ -->\n<title>Bibliothek - Oekozenter<\/title>\n<meta name=\"robots\" content=\"index, follow, max-snippet:-1, max-image-preview:large, max-video-preview:-1\" \/>\n<link rel=\"canonical\" href=\"https:\/\/www.oekozenter.lu\/de\/dienstleistungen\/bibliothek\/\" \/>\n<meta property=\"og:locale\" content=\"de_DE\" \/>\n<meta property=\"og:type\" content=\"article\" \/>\n<meta property=\"og:title\" content=\"Bibliothek - Oekozenter\" \/>\n<meta property=\"og:description\" content=\"Unsere Bibliothek Seit 2015 steht der \u00d6ffentlichkeit eine Bibliothek mit einem breiten Angebot an B\u00fcchern und Brosch\u00fcren zu den Schwerpunkten des Oekozenters zur Verf\u00fcgung. Aufgrund einer Konvention mit der Nationalbibliothek wird der Bestand katalogisiert und kann online auf www.a-z.lu eingesehen werden. Die Themenpalette reicht von Publikationen zum Thema &#8222;\u00f6kologisches Bauen&#8220;, sanfte Mobilit\u00e4t, Natur- und Landschaftsschutz, [&hellip;]\" \/>\n<meta property=\"og:url\" content=\"https:\/\/www.oekozenter.lu\/de\/dienstleistungen\/bibliothek\/\" \/>\n<meta property=\"og:site_name\" content=\"Oekozenter\" \/>\n<meta property=\"article:modified_time\" content=\"2016-12-13T13:14:43+00:00\" \/>\n<meta property=\"og:image\" content=\"https:\/\/www.oekozenter.lu\/wp-content\/uploads\/sites\/3\/2014\/06\/Biblio.jpg\" \/>\n\t<meta property=\"og:image:width\" content=\"1024\" \/>\n\t<meta property=\"og:image:height\" content=\"576\" \/>\n\t<meta property=\"og:image:type\" content=\"image\/jpeg\" \/>\n<meta name=\"twitter:card\" content=\"summary_large_image\" \/>\n<meta name=\"twitter:label1\" content=\"Gesch\u00e4tzte Lesezeit\" \/>\n\t<meta name=\"twitter:data1\" content=\"1\u00a0Minute\" \/>\n<script type=\"application\/ld+json\" class=\"yoast-schema-graph\">{\"@context\":\"https:\/\/schema.org\",\"@graph\":[{\"@type\":\"WebPage\",\"@id\":\"https:\/\/www.oekozenter.lu\/de\/dienstleistungen\/bibliothek\/\",\"url\":\"https:\/\/www.oekozenter.lu\/de\/dienstleistungen\/bibliothek\/\",\"name\":\"Bibliothek - Oekozenter\",\"isPartOf\":{\"@id\":\"https:\/\/www.oekozenter.lu\/de\/#website\"},\"primaryImageOfPage\":{\"@id\":\"https:\/\/www.oekozenter.lu\/de\/dienstleistungen\/bibliothek\/#primaryimage\"},\"image\":{\"@id\":\"https:\/\/www.oekozenter.lu\/de\/dienstleistungen\/bibliothek\/#primaryimage\"},\"thumbnailUrl\":\"https:\/\/www.oekozenter.lu\/wp-content\/uploads\/sites\/3\/2014\/06\/Biblio.jpg\",\"datePublished\":\"2014-06-19T14:44:03+00:00\",\"dateModified\":\"2016-12-13T13:14:43+00:00\",\"breadcrumb\":{\"@id\":\"https:\/\/www.oekozenter.lu\/de\/dienstleistungen\/bibliothek\/#breadcrumb\"},\"inLanguage\":\"de\",\"potentialAction\":[{\"@type\":\"ReadAction\",\"target\":[\"https:\/\/www.oekozenter.lu\/de\/dienstleistungen\/bibliothek\/\"]}]},{\"@type\":\"ImageObject\",\"inLanguage\":\"de\",\"@id\":\"https:\/\/www.oekozenter.lu\/de\/dienstleistungen\/bibliothek\/#primaryimage\",\"url\":\"https:\/\/www.oekozenter.lu\/wp-content\/uploads\/sites\/3\/2014\/06\/Biblio.jpg\",\"contentUrl\":\"https:\/\/www.oekozenter.lu\/wp-content\/uploads\/sites\/3\/2014\/06\/Biblio.jpg\",\"width\":1024,\"height\":576},{\"@type\":\"BreadcrumbList\",\"@id\":\"https:\/\/www.oekozenter.lu\/de\/dienstleistungen\/bibliothek\/#breadcrumb\",\"itemListElement\":[{\"@type\":\"ListItem\",\"position\":1,\"name\":\"Home\",\"item\":\"https:\/\/www.oekozenter.lu\/de\/\"},{\"@type\":\"ListItem\",\"position\":2,\"name\":\"Dienstleistungen\",\"item\":\"https:\/\/www.oekozenter.lu\/de\/dienstleistungen\/\"},{\"@type\":\"ListItem\",\"position\":3,\"name\":\"Bibliothek\"}]},{\"@type\":\"WebSite\",\"@id\":\"https:\/\/www.oekozenter.lu\/de\/#website\",\"url\":\"https:\/\/www.oekozenter.lu\/de\/\",\"name\":\"Oekozenter\",\"description\":\"\",\"potentialAction\":[{\"@type\":\"SearchAction\",\"target\":{\"@type\":\"EntryPoint\",\"urlTemplate\":\"https:\/\/www.oekozenter.lu\/de\/?s={search_term_string}\"},\"query-input\":{\"@type\":\"PropertyValueSpecification\",\"valueRequired\":true,\"valueName\":\"search_term_string\"}}],\"inLanguage\":\"de\"}]}<\/script>\n<!-- \/ Yoast SEO plugin. -->","yoast_head_json":{"title":"Bibliothek - Oekozenter","robots":{"index":"index","follow":"follow","max-snippet":"max-snippet:-1","max-image-preview":"max-image-preview:large","max-video-preview":"max-video-preview:-1"},"canonical":"https:\/\/www.oekozenter.lu\/de\/dienstleistungen\/bibliothek\/","og_locale":"de_DE","og_type":"article","og_title":"Bibliothek - Oekozenter","og_description":"Unsere Bibliothek Seit 2015 steht der \u00d6ffentlichkeit eine Bibliothek mit einem breiten Angebot an B\u00fcchern und Brosch\u00fcren zu den Schwerpunkten des Oekozenters zur Verf\u00fcgung. Aufgrund einer Konvention mit der Nationalbibliothek wird der Bestand katalogisiert und kann online auf www.a-z.lu eingesehen werden. Die Themenpalette reicht von Publikationen zum Thema &#8222;\u00f6kologisches Bauen&#8220;, sanfte Mobilit\u00e4t, Natur- und Landschaftsschutz, [&hellip;]","og_url":"https:\/\/www.oekozenter.lu\/de\/dienstleistungen\/bibliothek\/","og_site_name":"Oekozenter","article_modified_time":"2016-12-13T13:14:43+00:00","og_image":[{"width":1024,"height":576,"url":"https:\/\/www.oekozenter.lu\/wp-content\/uploads\/sites\/3\/2014\/06\/Biblio.jpg","type":"image\/jpeg"}],"twitter_card":"summary_large_image","twitter_misc":{"Gesch\u00e4tzte Lesezeit":"1\u00a0Minute"},"schema":{"@context":"https:\/\/schema.org","@graph":[{"@type":"WebPage","@id":"https:\/\/www.oekozenter.lu\/de\/dienstleistungen\/bibliothek\/","url":"https:\/\/www.oekozenter.lu\/de\/dienstleistungen\/bibliothek\/","name":"Bibliothek - Oekozenter","isPartOf":{"@id":"https:\/\/www.oekozenter.lu\/de\/#website"},"primaryImageOfPage":{"@id":"https:\/\/www.oekozenter.lu\/de\/dienstleistungen\/bibliothek\/#primaryimage"},"image":{"@id":"https:\/\/www.oekozenter.lu\/de\/dienstleistungen\/bibliothek\/#primaryimage"},"thumbnailUrl":"https:\/\/www.oekozenter.lu\/wp-content\/uploads\/sites\/3\/2014\/06\/Biblio.jpg","datePublished":"2014-06-19T14:44:03+00:00","dateModified":"2016-12-13T13:14:43+00:00","breadcrumb":{"@id":"https:\/\/www.oekozenter.lu\/de\/dienstleistungen\/bibliothek\/#breadcrumb"},"inLanguage":"de","potentialAction":[{"@type":"ReadAction","target":["https:\/\/www.oekozenter.lu\/de\/dienstleistungen\/bibliothek\/"]}]},{"@type":"ImageObject","inLanguage":"de","@id":"https:\/\/www.oekozenter.lu\/de\/dienstleistungen\/bibliothek\/#primaryimage","url":"https:\/\/www.oekozenter.lu\/wp-content\/uploads\/sites\/3\/2014\/06\/Biblio.jpg","contentUrl":"https:\/\/www.oekozenter.lu\/wp-content\/uploads\/sites\/3\/2014\/06\/Biblio.jpg","width":1024,"height":576},{"@type":"BreadcrumbList","@id":"https:\/\/www.oekozenter.lu\/de\/dienstleistungen\/bibliothek\/#breadcrumb","itemListElement":[{"@type":"ListItem","position":1,"name":"Home","item":"https:\/\/www.oekozenter.lu\/de\/"},{"@type":"ListItem","position":2,"name":"Dienstleistungen","item":"https:\/\/www.oekozenter.lu\/de\/dienstleistungen\/"},{"@type":"ListItem","position":3,"name":"Bibliothek"}]},{"@type":"WebSite","@id":"https:\/\/www.oekozenter.lu\/de\/#website","url":"https:\/\/www.oekozenter.lu\/de\/","name":"Oekozenter","description":"","potentialAction":[{"@type":"SearchAction","target":{"@type":"EntryPoint","urlTemplate":"https:\/\/www.oekozenter.lu\/de\/?s={search_term_string}"},"query-input":{"@type":"PropertyValueSpecification","valueRequired":true,"valueName":"search_term_string"}}],"inLanguage":"de"}]}},"_links":{"self":[{"href":"https:\/\/www.oekozenter.lu\/de\/wp-json\/wp\/v2\/pages\/218","targetHints":{"allow":["GET"]}}],"collection":[{"href":"https:\/\/www.oekozenter.lu\/de\/wp-json\/wp\/v2\/pages"}],"about":[{"href":"https:\/\/www.oekozenter.lu\/de\/wp-json\/wp\/v2\/types\/page"}],"author":[{"embeddable":true,"href":"https:\/\/www.oekozenter.lu\/de\/wp-json\/wp\/v2\/users\/1"}],"replies":[{"embeddable":true,"href":"https:\/\/www.oekozenter.lu\/de\/wp-json\/wp\/v2\/comments?post=218"}],"version-history":[{"count":5,"href":"https:\/\/www.oekozenter.lu\/de\/wp-json\/wp\/v2\/pages\/218\/revisions"}],"predecessor-version":[{"id":1616,"href":"https:\/\/www.oekozenter.lu\/de\/wp-json\/wp\/v2\/pages\/218\/revisions\/1616"}],"up":[{"embeddable":true,"href":"https:\/\/www.oekozenter.lu\/de\/wp-json\/wp\/v2\/pages\/204"}],"wp:featuredmedia":[{"embeddable":true,"href":"https:\/\/www.oekozenter.lu\/de\/wp-json\/wp\/v2\/media\/1470"}],"wp:attachment":[{"href":"https:\/\/www.oekozenter.lu\/de\/wp-json\/wp\/v2\/media?parent=218"}],"curies":[{"name":"wp","href":"https:\/\/api.w.org\/{rel}","templated":true}]}}