{"id":1014,"date":"2015-06-05T07:52:35","date_gmt":"2015-06-05T07:52:35","guid":{"rendered":"http:\/\/www.oekozenter.lu\/?page_id=1014"},"modified":"2019-04-26T08:09:18","modified_gmt":"2019-04-26T08:09:18","slug":"bistro-oekosoph-im-oekozenter-pafendall","status":"publish","type":"page","link":"https:\/\/www.oekozenter.lu\/de\/bistro-oekosoph-im-oekozenter-pafendall\/","title":{"rendered":"Oekosoph &#8211; Bistro im Oekozenter Pafendall"},"content":{"rendered":"<div class=\"pf-content\"><h2>Et ass esou w\u00e4it! Den Oekosoph m\u00e9cht seng Diere nei op!<\/h2>\n<p>D\u2019Philosophie vum Lou Steichen an dem Oekosoph ass: esouvill w\u00e9i m\u00e9iglech bio, aus der Regioun, vegetaresch a vegan. Datt d\u00ebs Men\u00fcen am Oekosoph eng Priorit\u00e9it hunn, ass selbstverst\u00e4ndlech: manner Fleesch a m\u00e9i Gem\u00e9is iessen ass aus der Siicht vum D\u00e9iereschutz, der nohalteger Landwirtschaft, dem Klimaschutz, dem Respekt vun der dr\u00ebtter Welt a net zulescht der Gesondheet noutwendeg.<\/p>\n<p>D\u2019Fleesch, wat ugebuede g\u00ebtt, entspr\u00e9cht och klore Qualit\u00e9itskrit\u00e4ren: net n\u00ebmmen datt et bio ass, ma awer och datt mir dat ganzt B\u00e9ischt verw\u00e4erten (\u201cfrom nose to tail\u201d), och beim W\u00ebld. Mir sinn natierlech fir eng nohalteg Juegd no klore Krit\u00e4re vum D\u00e9iereschutz: mir bez\u00e9ien eist W\u00ebld vu verst\u00e4nnege Jee\u00ebr; vum Usetz oder bei enger Beweegungsjuegd erluecht.<\/p>\n<p>Weider organis\u00e9iert d\u2019Equipe vum Mouvement Ecologique sonndes, m\u00e9indes oder d\u00ebnschdes extra Veranstaltungen\u2026 Loosst Iech iwwerraschen. Sproochecaf\u00e9 a Spillowender solle natierlech weider sinn.<\/p>\n<p><strong>Kommt laanscht an d\u00e9i besonnesch gemittlech Brasserie mat der aussergew\u00e9inlecher Terrasss.<\/strong><\/p>\n<p><strong>D\u2019\u00cbffnungsz\u00e4ite sinn\u00a0<\/strong>t\u00ebscht dem 1. September \u2013 1. Juni<\/p>\n<p><strong>* M\u00ebttesstonn:\u00a0 \u00a0 \u00a0 \u00a0 \u00a0 \u00a0\u00a0<\/strong>m\u00e9indes \u2013 freides vun 11.30 \u2013 14.30 Auer<\/p>\n<p><strong>* Owes<\/strong>:\u00a0 \u00a0 \u00a0 \u00a0 \u00a0 \u00a0 \u00a0 \u00a0 \u00a0 \u00a0 \u00a0 \u00a0 m\u00ebttwochs \u2013 samschdes vun 17.00 \u2013 23.00 Auer<\/p>\n<p>woub\u00e4i m\u00ebttwochs den Oekosoph weider vun der \u00e9ierenamtlecher Equipe vum Mouvement Ecologique gefouert g\u00ebtt (an e b\u00ebsse m\u00e9i eng kl\u00e9ng Kaard ugebuede g\u00ebtt).<\/p>\n<p><strong>D\u2019\u00cbffnungsz\u00e4ite\u00a0 an de Summerm\u00e9int\u00a0<\/strong>(1. Juni \u2013 1. September):<\/p>\n<p><strong>* M\u00ebttesstonn:\u00a0 \u00a0 \u00a0 \u00a0 \u00a0 \u00a0\u00a0<\/strong>m\u00e9indes \u2013 d\u00ebnschdes vun 11.30 \u2013 14.30 Auer<\/p>\n<p><strong>* De ganzen Dag:\u00a0<\/strong>\u00a0 \u00a0 \u00a0 \u00a0m\u00ebttwochs \u2013 samschdes vun 11.30 \u2013 23.00 Auer<\/p>\n<p>Reserv\u00e9iere k\u00ebnnt Dir via Tel 439030-91 oder Tel 621 297242<\/p>\n<p>De Menu vun der Woch an d\u2019Menuskaart fand Dir <a href=\"http:\/\/www.meco.lu\/de\/oekosoph\/\" target=\"_blank\" rel=\"noopener\">hei<\/a>.<\/p>\n<p>Sou fand Dir eis: <a href=\"http:\/\/www.oekozenter.lu\/de\/unser-engagement\/\">Link<\/a><\/p>\n<p>&nbsp;<\/p>\n<\/div>","protected":false},"excerpt":{"rendered":"<p>Et ass esou w\u00e4it! Den Oekosoph m\u00e9cht seng Diere nei op! D\u2019Philosophie vum Lou Steichen an dem Oekosoph ass: esouvill w\u00e9i m\u00e9iglech bio, aus der Regioun, vegetaresch a vegan. Datt d\u00ebs Men\u00fcen am Oekosoph eng Priorit\u00e9it hunn, ass selbstverst\u00e4ndlech: manner Fleesch a m\u00e9i Gem\u00e9is iessen ass aus der Siicht vum D\u00e9iereschutz, der nohalteger Landwirtschaft, dem [&hellip;]<\/p>\n","protected":false},"author":6,"featured_media":1019,"parent":0,"menu_order":0,"comment_status":"closed","ping_status":"closed","template":"","meta":{"_acf_changed":false,"footnotes":""},"class_list":["post-1014","page","type-page","status-publish","has-post-thumbnail","hentry"],"acf":[],"yoast_head":"<!-- This site is optimized with the Yoast SEO plugin v27.2 - https:\/\/yoast.com\/product\/yoast-seo-wordpress\/ -->\n<title>Oekosoph - Bistro im Oekozenter Pafendall - Oekozenter<\/title>\n<meta name=\"robots\" content=\"index, follow, max-snippet:-1, max-image-preview:large, max-video-preview:-1\" \/>\n<link rel=\"canonical\" href=\"https:\/\/www.oekozenter.lu\/de\/bistro-oekosoph-im-oekozenter-pafendall\/\" \/>\n<meta property=\"og:locale\" content=\"de_DE\" \/>\n<meta property=\"og:type\" content=\"article\" \/>\n<meta property=\"og:title\" content=\"Oekosoph - Bistro im Oekozenter Pafendall - Oekozenter\" \/>\n<meta property=\"og:description\" content=\"Et ass esou w\u00e4it! Den Oekosoph m\u00e9cht seng Diere nei op! D\u2019Philosophie vum Lou Steichen an dem Oekosoph ass: esouvill w\u00e9i m\u00e9iglech bio, aus der Regioun, vegetaresch a vegan. Datt d\u00ebs Men\u00fcen am Oekosoph eng Priorit\u00e9it hunn, ass selbstverst\u00e4ndlech: manner Fleesch a m\u00e9i Gem\u00e9is iessen ass aus der Siicht vum D\u00e9iereschutz, der nohalteger Landwirtschaft, dem [&hellip;]\" \/>\n<meta property=\"og:url\" content=\"https:\/\/www.oekozenter.lu\/de\/bistro-oekosoph-im-oekozenter-pafendall\/\" \/>\n<meta property=\"og:site_name\" content=\"Oekozenter\" \/>\n<meta property=\"article:modified_time\" content=\"2019-04-26T08:09:18+00:00\" \/>\n<meta property=\"og:image\" content=\"https:\/\/www.oekozenter.lu\/wp-content\/uploads\/sites\/3\/2015\/06\/oekosoph_TI.jpg\" \/>\n\t<meta property=\"og:image:width\" content=\"975\" \/>\n\t<meta property=\"og:image:height\" content=\"530\" \/>\n\t<meta property=\"og:image:type\" content=\"image\/jpeg\" \/>\n<meta name=\"twitter:card\" content=\"summary_large_image\" \/>\n<meta name=\"twitter:label1\" content=\"Gesch\u00e4tzte Lesezeit\" \/>\n\t<meta name=\"twitter:data1\" content=\"1\u00a0Minute\" \/>\n<script type=\"application\/ld+json\" class=\"yoast-schema-graph\">{\"@context\":\"https:\/\/schema.org\",\"@graph\":[{\"@type\":\"WebPage\",\"@id\":\"https:\/\/www.oekozenter.lu\/de\/bistro-oekosoph-im-oekozenter-pafendall\/\",\"url\":\"https:\/\/www.oekozenter.lu\/de\/bistro-oekosoph-im-oekozenter-pafendall\/\",\"name\":\"Oekosoph - Bistro im Oekozenter Pafendall - Oekozenter\",\"isPartOf\":{\"@id\":\"https:\/\/www.oekozenter.lu\/de\/#website\"},\"primaryImageOfPage\":{\"@id\":\"https:\/\/www.oekozenter.lu\/de\/bistro-oekosoph-im-oekozenter-pafendall\/#primaryimage\"},\"image\":{\"@id\":\"https:\/\/www.oekozenter.lu\/de\/bistro-oekosoph-im-oekozenter-pafendall\/#primaryimage\"},\"thumbnailUrl\":\"https:\/\/www.oekozenter.lu\/wp-content\/uploads\/sites\/3\/2015\/06\/oekosoph_TI.jpg\",\"datePublished\":\"2015-06-05T07:52:35+00:00\",\"dateModified\":\"2019-04-26T08:09:18+00:00\",\"breadcrumb\":{\"@id\":\"https:\/\/www.oekozenter.lu\/de\/bistro-oekosoph-im-oekozenter-pafendall\/#breadcrumb\"},\"inLanguage\":\"de\",\"potentialAction\":[{\"@type\":\"ReadAction\",\"target\":[\"https:\/\/www.oekozenter.lu\/de\/bistro-oekosoph-im-oekozenter-pafendall\/\"]}]},{\"@type\":\"ImageObject\",\"inLanguage\":\"de\",\"@id\":\"https:\/\/www.oekozenter.lu\/de\/bistro-oekosoph-im-oekozenter-pafendall\/#primaryimage\",\"url\":\"https:\/\/www.oekozenter.lu\/wp-content\/uploads\/sites\/3\/2015\/06\/oekosoph_TI.jpg\",\"contentUrl\":\"https:\/\/www.oekozenter.lu\/wp-content\/uploads\/sites\/3\/2015\/06\/oekosoph_TI.jpg\",\"width\":975,\"height\":530},{\"@type\":\"BreadcrumbList\",\"@id\":\"https:\/\/www.oekozenter.lu\/de\/bistro-oekosoph-im-oekozenter-pafendall\/#breadcrumb\",\"itemListElement\":[{\"@type\":\"ListItem\",\"position\":1,\"name\":\"Home\",\"item\":\"https:\/\/www.oekozenter.lu\/de\/\"},{\"@type\":\"ListItem\",\"position\":2,\"name\":\"Oekosoph &#8211; Bistro im Oekozenter Pafendall\"}]},{\"@type\":\"WebSite\",\"@id\":\"https:\/\/www.oekozenter.lu\/de\/#website\",\"url\":\"https:\/\/www.oekozenter.lu\/de\/\",\"name\":\"Oekozenter\",\"description\":\"\",\"potentialAction\":[{\"@type\":\"SearchAction\",\"target\":{\"@type\":\"EntryPoint\",\"urlTemplate\":\"https:\/\/www.oekozenter.lu\/de\/?s={search_term_string}\"},\"query-input\":{\"@type\":\"PropertyValueSpecification\",\"valueRequired\":true,\"valueName\":\"search_term_string\"}}],\"inLanguage\":\"de\"}]}<\/script>\n<!-- \/ Yoast SEO plugin. -->","yoast_head_json":{"title":"Oekosoph - Bistro im Oekozenter Pafendall - Oekozenter","robots":{"index":"index","follow":"follow","max-snippet":"max-snippet:-1","max-image-preview":"max-image-preview:large","max-video-preview":"max-video-preview:-1"},"canonical":"https:\/\/www.oekozenter.lu\/de\/bistro-oekosoph-im-oekozenter-pafendall\/","og_locale":"de_DE","og_type":"article","og_title":"Oekosoph - Bistro im Oekozenter Pafendall - Oekozenter","og_description":"Et ass esou w\u00e4it! Den Oekosoph m\u00e9cht seng Diere nei op! D\u2019Philosophie vum Lou Steichen an dem Oekosoph ass: esouvill w\u00e9i m\u00e9iglech bio, aus der Regioun, vegetaresch a vegan. Datt d\u00ebs Men\u00fcen am Oekosoph eng Priorit\u00e9it hunn, ass selbstverst\u00e4ndlech: manner Fleesch a m\u00e9i Gem\u00e9is iessen ass aus der Siicht vum D\u00e9iereschutz, der nohalteger Landwirtschaft, dem [&hellip;]","og_url":"https:\/\/www.oekozenter.lu\/de\/bistro-oekosoph-im-oekozenter-pafendall\/","og_site_name":"Oekozenter","article_modified_time":"2019-04-26T08:09:18+00:00","og_image":[{"width":975,"height":530,"url":"https:\/\/www.oekozenter.lu\/wp-content\/uploads\/sites\/3\/2015\/06\/oekosoph_TI.jpg","type":"image\/jpeg"}],"twitter_card":"summary_large_image","twitter_misc":{"Gesch\u00e4tzte Lesezeit":"1\u00a0Minute"},"schema":{"@context":"https:\/\/schema.org","@graph":[{"@type":"WebPage","@id":"https:\/\/www.oekozenter.lu\/de\/bistro-oekosoph-im-oekozenter-pafendall\/","url":"https:\/\/www.oekozenter.lu\/de\/bistro-oekosoph-im-oekozenter-pafendall\/","name":"Oekosoph - Bistro im Oekozenter Pafendall - Oekozenter","isPartOf":{"@id":"https:\/\/www.oekozenter.lu\/de\/#website"},"primaryImageOfPage":{"@id":"https:\/\/www.oekozenter.lu\/de\/bistro-oekosoph-im-oekozenter-pafendall\/#primaryimage"},"image":{"@id":"https:\/\/www.oekozenter.lu\/de\/bistro-oekosoph-im-oekozenter-pafendall\/#primaryimage"},"thumbnailUrl":"https:\/\/www.oekozenter.lu\/wp-content\/uploads\/sites\/3\/2015\/06\/oekosoph_TI.jpg","datePublished":"2015-06-05T07:52:35+00:00","dateModified":"2019-04-26T08:09:18+00:00","breadcrumb":{"@id":"https:\/\/www.oekozenter.lu\/de\/bistro-oekosoph-im-oekozenter-pafendall\/#breadcrumb"},"inLanguage":"de","potentialAction":[{"@type":"ReadAction","target":["https:\/\/www.oekozenter.lu\/de\/bistro-oekosoph-im-oekozenter-pafendall\/"]}]},{"@type":"ImageObject","inLanguage":"de","@id":"https:\/\/www.oekozenter.lu\/de\/bistro-oekosoph-im-oekozenter-pafendall\/#primaryimage","url":"https:\/\/www.oekozenter.lu\/wp-content\/uploads\/sites\/3\/2015\/06\/oekosoph_TI.jpg","contentUrl":"https:\/\/www.oekozenter.lu\/wp-content\/uploads\/sites\/3\/2015\/06\/oekosoph_TI.jpg","width":975,"height":530},{"@type":"BreadcrumbList","@id":"https:\/\/www.oekozenter.lu\/de\/bistro-oekosoph-im-oekozenter-pafendall\/#breadcrumb","itemListElement":[{"@type":"ListItem","position":1,"name":"Home","item":"https:\/\/www.oekozenter.lu\/de\/"},{"@type":"ListItem","position":2,"name":"Oekosoph &#8211; Bistro im Oekozenter Pafendall"}]},{"@type":"WebSite","@id":"https:\/\/www.oekozenter.lu\/de\/#website","url":"https:\/\/www.oekozenter.lu\/de\/","name":"Oekozenter","description":"","potentialAction":[{"@type":"SearchAction","target":{"@type":"EntryPoint","urlTemplate":"https:\/\/www.oekozenter.lu\/de\/?s={search_term_string}"},"query-input":{"@type":"PropertyValueSpecification","valueRequired":true,"valueName":"search_term_string"}}],"inLanguage":"de"}]}},"_links":{"self":[{"href":"https:\/\/www.oekozenter.lu\/de\/wp-json\/wp\/v2\/pages\/1014","targetHints":{"allow":["GET"]}}],"collection":[{"href":"https:\/\/www.oekozenter.lu\/de\/wp-json\/wp\/v2\/pages"}],"about":[{"href":"https:\/\/www.oekozenter.lu\/de\/wp-json\/wp\/v2\/types\/page"}],"author":[{"embeddable":true,"href":"https:\/\/www.oekozenter.lu\/de\/wp-json\/wp\/v2\/users\/6"}],"replies":[{"embeddable":true,"href":"https:\/\/www.oekozenter.lu\/de\/wp-json\/wp\/v2\/comments?post=1014"}],"version-history":[{"count":5,"href":"https:\/\/www.oekozenter.lu\/de\/wp-json\/wp\/v2\/pages\/1014\/revisions"}],"predecessor-version":[{"id":2538,"href":"https:\/\/www.oekozenter.lu\/de\/wp-json\/wp\/v2\/pages\/1014\/revisions\/2538"}],"wp:featuredmedia":[{"embeddable":true,"href":"https:\/\/www.oekozenter.lu\/de\/wp-json\/wp\/v2\/media\/1019"}],"wp:attachment":[{"href":"https:\/\/www.oekozenter.lu\/de\/wp-json\/wp\/v2\/media?parent=1014"}],"curies":[{"name":"wp","href":"https:\/\/api.w.org\/{rel}","templated":true}]}}